{"id":11764,"date":"2026-04-13T08:19:22","date_gmt":"2026-04-13T08:19:22","guid":{"rendered":"https:\/\/hoteldepeniscola.com\/?page_id=11764"},"modified":"2026-04-13T08:19:22","modified_gmt":"2026-04-13T08:19:22","slug":"environnement-2","status":"publish","type":"page","link":"https:\/\/hoteldepeniscola.com\/fr\/environnement-2\/","title":{"rendered":"ENVIRONNEMENT"},"content":{"rendered":"<style>.elementor-11764 .elementor-element.elementor-element-beaeed5 > .elementor-container{max-width:1600px;min-height:750px;}.elementor-11764 .elementor-element.elementor-element-beaeed5:not(.elementor-motion-effects-element-type-background), .elementor-11764 .elementor-element.elementor-element-beaeed5 > .elementor-motion-effects-container > .elementor-motion-effects-layer{background-image:url(\"https:\/\/hoteldepeniscola.com\/wp-content\/uploads\/2022\/10\/hotel-la-cabana-peniscola-entorno.jpg\");background-position:center center;background-repeat:no-repeat;background-size:cover;}.elementor-11764 .elementor-element.elementor-element-beaeed5 > .elementor-background-overlay{background-color:#000000A6;opacity:0.5;transition:background 0.3s, border-radius 0.3s, opacity 0.3s;}.elementor-11764 .elementor-element.elementor-element-beaeed5{transition:background 0.3s, border 0.3s, border-radius 0.3s, box-shadow 0.3s;margin-top:-30px;margin-bottom:0px;padding:0px 0px 0px 0px;}.elementor-11764 .elementor-element.elementor-element-f8e7b9b{text-align:end;font-family:\"Montserrat\", Sans-serif;font-size:50px;font-weight:600;line-height:65px;color:#FFFFFF;}.elementor-11764 .elementor-element.elementor-element-5b6358e:not(.elementor-motion-effects-element-type-background), .elementor-11764 .elementor-element.elementor-element-5b6358e > .elementor-motion-effects-container > .elementor-motion-effects-layer{background-image:url(\"https:\/\/hoteldepeniscola.com\/wp-content\/uploads\/2022\/06\/fondo_hex_white.jpg\");background-position:center center;background-size:cover;}.elementor-11764 .elementor-element.elementor-element-5b6358e > .elementor-background-overlay{background-color:#FFFFFF;opacity:0.5;transition:background 0.3s, border-radius 0.3s, opacity 0.3s;}.elementor-11764 .elementor-element.elementor-element-5b6358e{transition:background 0.3s, border 0.3s, border-radius 0.3s, box-shadow 0.3s;padding:100px 0px 50px 0px;}.elementor-bc-flex-widget .elementor-11764 .elementor-element.elementor-element-9577fc3.elementor-column .elementor-widget-wrap{align-items:center;}.elementor-11764 .elementor-element.elementor-element-9577fc3.elementor-column.elementor-element[data-element_type=\"column\"] > .elementor-widget-wrap.elementor-element-populated{align-content:center;align-items:center;}.elementor-11764 .elementor-element.elementor-element-9577fc3 > .elementor-element-populated{margin:0px 0px 0px 20px;--e-column-margin-right:0px;--e-column-margin-left:20px;}.elementor-11764 .elementor-element.elementor-element-e67ee0c .elementor-heading-title{font-family:\"Lato\", Sans-serif;font-size:14px;font-weight:500;letter-spacing:3.6px;color:#005E74;}.elementor-11764 .elementor-element.elementor-element-04149c4 .elementor-heading-title{font-family:\"Playfair Display\", Sans-serif;font-weight:500;color:#000000;}.elementor-11764 .elementor-element.elementor-element-3290e08{font-family:\"Montserrat\", Sans-serif;font-size:16px;color:#4D4C4C;}.elementor-11764 .elementor-element.elementor-element-c913176{padding:50px 0px 50px 0px;}.elementor-11764 .elementor-element.elementor-element-74cad6c{font-family:\"Montserrat\", Sans-serif;font-size:16px;color:#4D4C4C;}.elementor-11764 .elementor-element.elementor-element-9710b12 > .elementor-container{min-height:600px;}.elementor-11764 .elementor-element.elementor-element-9710b12:not(.elementor-motion-effects-element-type-background), .elementor-11764 .elementor-element.elementor-element-9710b12 > .elementor-motion-effects-container > .elementor-motion-effects-layer{background-image:url(\"https:\/\/hoteldepeniscola.com\/wp-content\/uploads\/2022\/10\/hotel-la-cabana-peniscola-entorno-02.jpg\");background-repeat:no-repeat;background-size:cover;}.elementor-11764 .elementor-element.elementor-element-9710b12 > .elementor-background-overlay{background-color:#000000;opacity:0.3;transition:background 0.3s, border-radius 0.3s, opacity 0.3s;}.elementor-11764 .elementor-element.elementor-element-9710b12{transition:background 0.3s, border 0.3s, border-radius 0.3s, box-shadow 0.3s;margin-top:0px;margin-bottom:0px;}.elementor-11764 .elementor-element.elementor-element-e80109a{padding:50px 0px 50px 0px;}.elementor-11764 .elementor-element.elementor-element-e273aab{font-family:\"Montserrat\", Sans-serif;font-size:16px;color:#4D4C4C;}.elementor-11764 .elementor-element.elementor-element-5308e86{padding:0px 0px 100px 0px;}.elementor-11764 .elementor-element.elementor-element-ec92ff1{margin-top:0px;margin-bottom:0px;}.elementor-bc-flex-widget .elementor-11764 .elementor-element.elementor-element-f8eb1ba.elementor-column .elementor-widget-wrap{align-items:flex-end;}.elementor-11764 .elementor-element.elementor-element-f8eb1ba.elementor-column.elementor-element[data-element_type=\"column\"] > .elementor-widget-wrap.elementor-element-populated{align-content:flex-end;align-items:flex-end;}.elementor-11764 .elementor-element.elementor-element-f8eb1ba > .elementor-element-populated{margin:5px 5px 5px 5px;--e-column-margin-right:5px;--e-column-margin-left:5px;}.elementor-11764 .elementor-element.elementor-element-b1ec814 img{transition-duration:0.5s;}.elementor-bc-flex-widget .elementor-11764 .elementor-element.elementor-element-c23d5aa.elementor-column .elementor-widget-wrap{align-items:flex-end;}.elementor-11764 .elementor-element.elementor-element-c23d5aa.elementor-column.elementor-element[data-element_type=\"column\"] > .elementor-widget-wrap.elementor-element-populated{align-content:flex-end;align-items:flex-end;}.elementor-11764 .elementor-element.elementor-element-c23d5aa > .elementor-element-populated{margin:5px 5px 5px 5px;--e-column-margin-right:5px;--e-column-margin-left:5px;}.elementor-11764 .elementor-element.elementor-element-c813598 img{transition-duration:0.5s;}.elementor-bc-flex-widget .elementor-11764 .elementor-element.elementor-element-a546b80.elementor-column .elementor-widget-wrap{align-items:flex-end;}.elementor-11764 .elementor-element.elementor-element-a546b80.elementor-column.elementor-element[data-element_type=\"column\"] > .elementor-widget-wrap.elementor-element-populated{align-content:flex-end;align-items:flex-end;}.elementor-11764 .elementor-element.elementor-element-a546b80 > .elementor-element-populated{margin:5px 5px 5px 5px;--e-column-margin-right:5px;--e-column-margin-left:5px;}.elementor-11764 .elementor-element.elementor-element-d2316b7 img{transition-duration:0.5s;}@media(min-width:768px){.elementor-11764 .elementor-element.elementor-element-f8eb1ba{width:30%;}.elementor-11764 .elementor-element.elementor-element-c23d5aa{width:40%;}.elementor-11764 .elementor-element.elementor-element-a546b80{width:29.332%;}}@media(max-width:1024px){.elementor-11764 .elementor-element.elementor-element-beaeed5 > .elementor-container{min-height:500px;}.elementor-11764 .elementor-element.elementor-element-beaeed5{margin-top:-45px;margin-bottom:0px;}.elementor-11764 .elementor-element.elementor-element-f8e7b9b{font-size:40px;line-height:1em;}}@media(max-width:767px){.elementor-11764 .elementor-element.elementor-element-beaeed5 > .elementor-container{min-height:300px;}.elementor-11764 .elementor-element.elementor-element-beaeed5:not(.elementor-motion-effects-element-type-background), .elementor-11764 .elementor-element.elementor-element-beaeed5 > .elementor-motion-effects-container > .elementor-motion-effects-layer{background-position:center center;}.elementor-11764 .elementor-element.elementor-element-beaeed5{margin-top:-65px;margin-bottom:0px;padding:0px 0px 0px 0px;}.elementor-11764 .elementor-element.elementor-element-f8e7b9b{font-size:25px;line-height:1em;}.elementor-11764 .elementor-element.elementor-element-e67ee0c{text-align:center;}.elementor-11764 .elementor-element.elementor-element-04149c4{text-align:center;}.elementor-11764 .elementor-element.elementor-element-9710b12:not(.elementor-motion-effects-element-type-background), .elementor-11764 .elementor-element.elementor-element-9710b12 > .elementor-motion-effects-container > .elementor-motion-effects-layer{background-size:cover;}}@media(min-width:1025px){.elementor-11764 .elementor-element.elementor-element-9710b12:not(.elementor-motion-effects-element-type-background), .elementor-11764 .elementor-element.elementor-element-9710b12 > .elementor-motion-effects-container > .elementor-motion-effects-layer{background-attachment:fixed;}}<\/style>\t\t<div data-elementor-type=\"wp-page\" data-elementor-id=\"11764\" class=\"elementor elementor-11764 elementor-11761\" data-elementor-post-type=\"page\">\n\t\t\t\t\t\t<section class=\"elementor-section elementor-top-section elementor-element elementor-element-beaeed5 elementor-section-stretched elementor-section-height-min-height elementor-section-items-bottom elementor-section-boxed elementor-section-height-default\" data-id=\"beaeed5\" data-element_type=\"section\" data-e-type=\"section\" data-settings=\"{&quot;background_background&quot;:&quot;classic&quot;,&quot;stretch_section&quot;:&quot;section-stretched&quot;}\">\n\t\t\t\t\t\t\t<div class=\"elementor-background-overlay\"><\/div>\n\t\t\t\t\t\t\t<div class=\"elementor-container elementor-column-gap-default\">\n\t\t\t\t\t<div class=\"elementor-column elementor-col-100 elementor-top-column elementor-element elementor-element-9c4df83\" data-id=\"9c4df83\" data-element_type=\"column\" data-e-type=\"column\">\n\t\t\t<div class=\"elementor-widget-wrap elementor-element-populated\">\n\t\t\t\t\t\t<div class=\"elementor-element elementor-element-f8e7b9b elementor-widget elementor-widget-text-editor\" data-id=\"f8e7b9b\" data-element_type=\"widget\" data-e-type=\"widget\" data-widget_type=\"text-editor.default\">\n\t\t\t\t<div class=\"elementor-widget-container\">\n\t\t\t\t\t\t\t\t\t<p>ENVIRONNEMENT<\/p>\t\t\t\t\t\t\t\t<\/div>\n\t\t\t\t<\/div>\n\t\t\t\t\t<\/div>\n\t\t<\/div>\n\t\t\t\t\t<\/div>\n\t\t<\/section>\n\t\t\t\t<section class=\"elementor-section elementor-top-section elementor-element elementor-element-5b6358e elementor-section-stretched elementor-section-boxed elementor-section-height-default elementor-section-height-default\" data-id=\"5b6358e\" data-element_type=\"section\" data-e-type=\"section\" data-settings=\"{&quot;background_background&quot;:&quot;classic&quot;,&quot;stretch_section&quot;:&quot;section-stretched&quot;}\">\n\t\t\t\t\t\t\t<div class=\"elementor-background-overlay\"><\/div>\n\t\t\t\t\t\t\t<div class=\"elementor-container elementor-column-gap-default\">\n\t\t\t\t\t<div class=\"elementor-column elementor-col-50 elementor-top-column elementor-element elementor-element-cd6c9e6\" data-id=\"cd6c9e6\" data-element_type=\"column\" data-e-type=\"column\">\n\t\t\t<div class=\"elementor-widget-wrap elementor-element-populated\">\n\t\t\t\t\t\t<div class=\"elementor-element elementor-element-426eeda elementor-widget elementor-widget-image\" data-id=\"426eeda\" data-element_type=\"widget\" data-e-type=\"widget\" data-widget_type=\"image.default\">\n\t\t\t\t<div class=\"elementor-widget-container\">\n\t\t\t\t\t\t\t\t\t\t\t\t\t\t\t<img fetchpriority=\"high\" decoding=\"async\" width=\"900\" height=\"600\" src=\"https:\/\/hoteldepeniscola.com\/wp-content\/uploads\/2022\/10\/hotel-la-cabana-peniscola-entorno-castillo.jpg\" class=\"attachment-full size-full wp-image-4492\" alt=\"\" srcset=\"https:\/\/hoteldepeniscola.com\/wp-content\/uploads\/2022\/10\/hotel-la-cabana-peniscola-entorno-castillo.jpg 900w, https:\/\/hoteldepeniscola.com\/wp-content\/uploads\/2022\/10\/hotel-la-cabana-peniscola-entorno-castillo-300x200.jpg 300w, https:\/\/hoteldepeniscola.com\/wp-content\/uploads\/2022\/10\/hotel-la-cabana-peniscola-entorno-castillo-768x512.jpg 768w, https:\/\/hoteldepeniscola.com\/wp-content\/uploads\/2022\/10\/hotel-la-cabana-peniscola-entorno-castillo-219x146.jpg 219w, https:\/\/hoteldepeniscola.com\/wp-content\/uploads\/2022\/10\/hotel-la-cabana-peniscola-entorno-castillo-50x33.jpg 50w, https:\/\/hoteldepeniscola.com\/wp-content\/uploads\/2022\/10\/hotel-la-cabana-peniscola-entorno-castillo-113x75.jpg 113w\" sizes=\"(max-width:767px) 480px, (max-width:900px) 100vw, 900px\" \/>\t\t\t\t\t\t\t\t\t\t\t\t\t\t\t<\/div>\n\t\t\t\t<\/div>\n\t\t\t\t\t<\/div>\n\t\t<\/div>\n\t\t\t\t<div class=\"elementor-column elementor-col-50 elementor-top-column elementor-element elementor-element-9577fc3\" data-id=\"9577fc3\" data-element_type=\"column\" data-e-type=\"column\">\n\t\t\t<div class=\"elementor-widget-wrap elementor-element-populated\">\n\t\t\t\t\t\t<div class=\"elementor-element elementor-element-e67ee0c elementor-widget elementor-widget-heading\" data-id=\"e67ee0c\" data-element_type=\"widget\" data-e-type=\"widget\" data-widget_type=\"heading.default\">\n\t\t\t\t<div class=\"elementor-widget-container\">\n\t\t\t\t\t<p class=\"elementor-heading-title elementor-size-default\">- D\u00c9COUVREZ L'ENVIRONNEMENT -<\/p>\t\t\t\t<\/div>\n\t\t\t\t<\/div>\n\t\t\t\t<div class=\"elementor-element elementor-element-04149c4 elementor-widget elementor-widget-heading\" data-id=\"04149c4\" data-element_type=\"widget\" data-e-type=\"widget\" data-widget_type=\"heading.default\">\n\t\t\t\t<div class=\"elementor-widget-container\">\n\t\t\t\t\t<h2 class=\"elementor-heading-title elementor-size-default\">Pe\u00f1\u00edscola, la ville du \u00ab Pape Luna \u00bb<\/h2>\t\t\t\t<\/div>\n\t\t\t\t<\/div>\n\t\t\t\t<div class=\"elementor-element elementor-element-3290e08 elementor-widget elementor-widget-text-editor\" data-id=\"3290e08\" data-element_type=\"widget\" data-e-type=\"widget\" data-widget_type=\"text-editor.default\">\n\t\t\t\t<div class=\"elementor-widget-container\">\n\t\t\t\t\t\t\t\t\t<p><strong>Pe\u00f1\u00edscola<\/strong> est une forteresse m\u00e9di\u00e9vale, avec un ch\u00e2teau magnifiquement conserv\u00e9, situ\u00e9 sur une p\u00e9ninsule rocheuse qui s&rsquo;avance dans la mer. La vieille ville est prot\u00e9g\u00e9e par des <strong>murailles m\u00e9di\u00e9vales<\/strong> qui l&rsquo;entourent partiellement, car du c\u00f4t\u00e9 de la mer, d&rsquo;\u00e9normes falaises agissent comme une protection naturelle imp\u00e9n\u00e9trable. Elle a obtenu le titre de Ville en 1707.<\/p>\t\t\t\t\t\t\t\t<\/div>\n\t\t\t\t<\/div>\n\t\t\t\t\t<\/div>\n\t\t<\/div>\n\t\t\t\t\t<\/div>\n\t\t<\/section>\n\t\t\t\t<section class=\"elementor-section elementor-top-section elementor-element elementor-element-c913176 elementor-section-boxed elementor-section-height-default elementor-section-height-default\" data-id=\"c913176\" data-element_type=\"section\" data-e-type=\"section\">\n\t\t\t\t\t\t<div class=\"elementor-container elementor-column-gap-default\">\n\t\t\t\t\t<div class=\"elementor-column elementor-col-100 elementor-top-column elementor-element elementor-element-5cb5578\" data-id=\"5cb5578\" data-element_type=\"column\" data-e-type=\"column\">\n\t\t\t<div class=\"elementor-widget-wrap elementor-element-populated\">\n\t\t\t\t\t\t<div class=\"elementor-element elementor-element-74cad6c elementor-widget elementor-widget-text-editor\" data-id=\"74cad6c\" data-element_type=\"widget\" data-e-type=\"widget\" data-widget_type=\"text-editor.default\">\n\t\t\t\t<div class=\"elementor-widget-container\">\n\t\t\t\t\t\t\t\t\t<p>Dans toute l&rsquo;histoire, seules trois villes dans le monde ont \u00e9t\u00e9 des <strong>si\u00e8ges pontificaux : Pe\u00f1\u00edscola<\/strong>, avec <strong>Rome<\/strong> et <strong>Avignon<\/strong>.<\/p><p>Aujourd&rsquo;hui, <strong>Pe\u00f1\u00edscola<\/strong> est l&rsquo;un des centres touristiques les plus attrayants de la <strong>c\u00f4te m\u00e9diterran\u00e9enne<\/strong>. \u00c0 leur arriv\u00e9e en ville, les visiteurs voient d&rsquo;abord l&rsquo;imposante masse du ch\u00e2teau. Ils peuvent profiter de ses eaux chaudes pendant de nombreux mois de l&rsquo;ann\u00e9e. Des lieux naturels comme la <strong>Sierra Irta<\/strong> (un paradis pour les cyclistes et les randonneurs), ainsi que ses criques et ses immenses <strong>plages<\/strong>, en plus d&rsquo;autres offres de loisirs qui ravissent toute la famille et les jeunes.<\/p>\t\t\t\t\t\t\t\t<\/div>\n\t\t\t\t<\/div>\n\t\t\t\t\t<\/div>\n\t\t<\/div>\n\t\t\t\t\t<\/div>\n\t\t<\/section>\n\t\t\t\t<section class=\"elementor-section elementor-top-section elementor-element elementor-element-9710b12 elementor-section-stretched elementor-section-height-min-height elementor-section-boxed elementor-section-height-default elementor-section-items-middle\" data-id=\"9710b12\" data-element_type=\"section\" data-e-type=\"section\" data-settings=\"{&quot;background_background&quot;:&quot;classic&quot;,&quot;stretch_section&quot;:&quot;section-stretched&quot;}\">\n\t\t\t\t\t\t\t<div class=\"elementor-background-overlay\"><\/div>\n\t\t\t\t\t\t\t<div class=\"elementor-container elementor-column-gap-default\">\n\t\t\t\t\t<div class=\"elementor-column elementor-col-100 elementor-top-column elementor-element elementor-element-9d0087f\" data-id=\"9d0087f\" data-element_type=\"column\" data-e-type=\"column\">\n\t\t\t<div class=\"elementor-widget-wrap\">\n\t\t\t\t\t\t\t<\/div>\n\t\t<\/div>\n\t\t\t\t\t<\/div>\n\t\t<\/section>\n\t\t\t\t<section class=\"elementor-section elementor-top-section elementor-element elementor-element-e80109a elementor-section-boxed elementor-section-height-default elementor-section-height-default\" data-id=\"e80109a\" data-element_type=\"section\" data-e-type=\"section\">\n\t\t\t\t\t\t<div class=\"elementor-container elementor-column-gap-default\">\n\t\t\t\t\t<div class=\"elementor-column elementor-col-100 elementor-top-column elementor-element elementor-element-506ffc1\" data-id=\"506ffc1\" data-element_type=\"column\" data-e-type=\"column\">\n\t\t\t<div class=\"elementor-widget-wrap elementor-element-populated\">\n\t\t\t\t\t\t<div class=\"elementor-element elementor-element-e273aab elementor-widget elementor-widget-text-editor\" data-id=\"e273aab\" data-element_type=\"widget\" data-e-type=\"widget\" data-widget_type=\"text-editor.default\">\n\t\t\t\t<div class=\"elementor-widget-container\">\n\t\t\t\t\t\t\t\t\t<p>Accueillante et majestueuse, avec sa silhouette d\u00e9coup\u00e9e s&rsquo;avan\u00e7ant dans les eaux de la <strong>M\u00e9diterran\u00e9e, Pe\u00f1\u00edscola<\/strong> nous invite \u00e0 fl\u00e2ner dans ses rues mill\u00e9naires et \u00e0 plonger dans son histoire, ressentant la fascination des temps pass\u00e9s. Aujourd&rsquo;hui, <strong>Pe\u00f1\u00edscola<\/strong> est une villa maritime o\u00f9 les coutumes et traditions ont su \u00eatre pr\u00e9serv\u00e9es, accueillant le voyageur et l&rsquo;invitant \u00e0 vivre la lumi\u00e8re et l&rsquo;intensit\u00e9 de la M\u00e9diterran\u00e9e dans cet endroit privil\u00e9gi\u00e9.<\/p><p>Notre <strong>h\u00f4tel<\/strong> est <strong>central<\/strong>, tr\u00e8s <strong>bien situ\u00e9<\/strong>, en face de la <strong>plage Nord<\/strong>, la plupart des chambres offrant une belle <strong>vue sur la mer<\/strong> et sur la forteresse historique et le <strong>Ch\u00e2teau de Pe\u00f1\u00edscola<\/strong>, dont nous sommes \u00e0 seulement 200 m\u00e8tres, le reste \u00e9tant une rue <strong>tranquille<\/strong> orient\u00e9e vers l&rsquo;ouest, du c\u00f4t\u00e9 de la montagne. Ce sera un plaisir de vous accueillir.<\/p>\t\t\t\t\t\t\t\t<\/div>\n\t\t\t\t<\/div>\n\t\t\t\t\t<\/div>\n\t\t<\/div>\n\t\t\t\t\t<\/div>\n\t\t<\/section>\n\t\t\t\t<section class=\"elementor-section elementor-top-section elementor-element elementor-element-5308e86 elementor-section-boxed elementor-section-height-default elementor-section-height-default\" data-id=\"5308e86\" data-element_type=\"section\" data-e-type=\"section\">\n\t\t\t\t\t\t<div class=\"elementor-container elementor-column-gap-default\">\n\t\t\t\t\t<div class=\"elementor-column elementor-col-100 elementor-top-column elementor-element elementor-element-a5f49da\" data-id=\"a5f49da\" data-element_type=\"column\" data-e-type=\"column\">\n\t\t\t<div class=\"elementor-widget-wrap elementor-element-populated\">\n\t\t\t\t\t\t<section class=\"elementor-section elementor-inner-section elementor-element elementor-element-ec92ff1 elementor-section-boxed elementor-section-height-default elementor-section-height-default\" data-id=\"ec92ff1\" data-element_type=\"section\" data-e-type=\"section\">\n\t\t\t\t\t\t<div class=\"elementor-container elementor-column-gap-default\">\n\t\t\t\t\t<div class=\"elementor-column elementor-col-33 elementor-inner-column elementor-element elementor-element-f8eb1ba\" data-id=\"f8eb1ba\" data-element_type=\"column\" data-e-type=\"column\">\n\t\t\t<div class=\"elementor-widget-wrap elementor-element-populated\">\n\t\t\t\t\t\t<div class=\"elementor-element elementor-element-b1ec814 elementor-widget elementor-widget-image\" data-id=\"b1ec814\" data-element_type=\"widget\" data-e-type=\"widget\" data-widget_type=\"image.default\">\n\t\t\t\t<div class=\"elementor-widget-container\">\n\t\t\t\t\t\t\t\t\t\t\t\t\t\t\t<img decoding=\"async\" width=\"599\" height=\"800\" src=\"https:\/\/hoteldepeniscola.com\/wp-content\/uploads\/2022\/07\/Hotel-de-Peniscola-La-Cabana-sierra-de-irta-torre-badum.jpg\" class=\"elementor-animation-float attachment-large size-large wp-image-4252\" alt=\"\" srcset=\"https:\/\/hoteldepeniscola.com\/wp-content\/uploads\/2022\/07\/Hotel-de-Peniscola-La-Cabana-sierra-de-irta-torre-badum.jpg 599w, https:\/\/hoteldepeniscola.com\/wp-content\/uploads\/2022\/07\/Hotel-de-Peniscola-La-Cabana-sierra-de-irta-torre-badum-225x300.jpg 225w, https:\/\/hoteldepeniscola.com\/wp-content\/uploads\/2022\/07\/Hotel-de-Peniscola-La-Cabana-sierra-de-irta-torre-badum-109x146.jpg 109w, https:\/\/hoteldepeniscola.com\/wp-content\/uploads\/2022\/07\/Hotel-de-Peniscola-La-Cabana-sierra-de-irta-torre-badum-37x50.jpg 37w, https:\/\/hoteldepeniscola.com\/wp-content\/uploads\/2022\/07\/Hotel-de-Peniscola-La-Cabana-sierra-de-irta-torre-badum-56x75.jpg 56w\" sizes=\"(max-width:767px) 480px, 599px\" \/>\t\t\t\t\t\t\t\t\t\t\t\t\t\t\t<\/div>\n\t\t\t\t<\/div>\n\t\t\t\t\t<\/div>\n\t\t<\/div>\n\t\t\t\t<div class=\"elementor-column elementor-col-33 elementor-inner-column elementor-element elementor-element-c23d5aa\" data-id=\"c23d5aa\" data-element_type=\"column\" data-e-type=\"column\">\n\t\t\t<div class=\"elementor-widget-wrap elementor-element-populated\">\n\t\t\t\t\t\t<div class=\"elementor-element elementor-element-c813598 elementor-widget elementor-widget-image\" data-id=\"c813598\" data-element_type=\"widget\" data-e-type=\"widget\" data-widget_type=\"image.default\">\n\t\t\t\t<div class=\"elementor-widget-container\">\n\t\t\t\t\t\t\t\t\t\t\t\t\t\t\t<img decoding=\"async\" width=\"750\" height=\"950\" src=\"https:\/\/hoteldepeniscola.com\/wp-content\/uploads\/2022\/10\/hotel-la-cabana-peniscola-entorno-03.jpg\" class=\"elementor-animation-float attachment-large size-large wp-image-4498\" alt=\"\" srcset=\"https:\/\/hoteldepeniscola.com\/wp-content\/uploads\/2022\/10\/hotel-la-cabana-peniscola-entorno-03.jpg 750w, https:\/\/hoteldepeniscola.com\/wp-content\/uploads\/2022\/10\/hotel-la-cabana-peniscola-entorno-03-237x300.jpg 237w, https:\/\/hoteldepeniscola.com\/wp-content\/uploads\/2022\/10\/hotel-la-cabana-peniscola-entorno-03-115x146.jpg 115w, https:\/\/hoteldepeniscola.com\/wp-content\/uploads\/2022\/10\/hotel-la-cabana-peniscola-entorno-03-39x50.jpg 39w, https:\/\/hoteldepeniscola.com\/wp-content\/uploads\/2022\/10\/hotel-la-cabana-peniscola-entorno-03-59x75.jpg 59w\" sizes=\"(max-width:767px) 480px, 750px\" \/>\t\t\t\t\t\t\t\t\t\t\t\t\t\t\t<\/div>\n\t\t\t\t<\/div>\n\t\t\t\t\t<\/div>\n\t\t<\/div>\n\t\t\t\t<div class=\"elementor-column elementor-col-33 elementor-inner-column elementor-element elementor-element-a546b80\" data-id=\"a546b80\" data-element_type=\"column\" data-e-type=\"column\">\n\t\t\t<div class=\"elementor-widget-wrap elementor-element-populated\">\n\t\t\t\t\t\t<div class=\"elementor-element elementor-element-d2316b7 elementor-widget elementor-widget-image\" data-id=\"d2316b7\" data-element_type=\"widget\" data-e-type=\"widget\" data-widget_type=\"image.default\">\n\t\t\t\t<div class=\"elementor-widget-container\">\n\t\t\t\t\t\t\t\t\t\t\t\t\t\t\t<img loading=\"lazy\" decoding=\"async\" width=\"589\" height=\"786\" src=\"https:\/\/hoteldepeniscola.com\/wp-content\/uploads\/2022\/10\/hotel-la-cabana-peniscola-entorno-04.jpg\" class=\"elementor-animation-float attachment-large size-large wp-image-4501\" alt=\"\" srcset=\"https:\/\/hoteldepeniscola.com\/wp-content\/uploads\/2022\/10\/hotel-la-cabana-peniscola-entorno-04.jpg 589w, https:\/\/hoteldepeniscola.com\/wp-content\/uploads\/2022\/10\/hotel-la-cabana-peniscola-entorno-04-225x300.jpg 225w, https:\/\/hoteldepeniscola.com\/wp-content\/uploads\/2022\/10\/hotel-la-cabana-peniscola-entorno-04-109x146.jpg 109w, https:\/\/hoteldepeniscola.com\/wp-content\/uploads\/2022\/10\/hotel-la-cabana-peniscola-entorno-04-37x50.jpg 37w, https:\/\/hoteldepeniscola.com\/wp-content\/uploads\/2022\/10\/hotel-la-cabana-peniscola-entorno-04-56x75.jpg 56w\" sizes=\"(max-width:767px) 480px, 589px\" \/>\t\t\t\t\t\t\t\t\t\t\t\t\t\t\t<\/div>\n\t\t\t\t<\/div>\n\t\t\t\t\t<\/div>\n\t\t<\/div>\n\t\t\t\t\t<\/div>\n\t\t<\/section>\n\t\t\t\t\t<\/div>\n\t\t<\/div>\n\t\t\t\t\t<\/div>\n\t\t<\/section>\n\t\t\t\t<\/div>\n\t\t","protected":false},"excerpt":{"rendered":"<p>ENVIRONNEMENT &#8211; D\u00c9COUVREZ L&rsquo;ENVIRONNEMENT &#8211; Pe\u00f1\u00edscola, la ville du \u00ab Pape Luna \u00bb Pe\u00f1\u00edscola est une forteresse m\u00e9di\u00e9vale, avec un ch\u00e2teau magnifiquement conserv\u00e9, situ\u00e9 sur une<span class=\"excerpt-hellip\"> [\u2026]<\/span><\/p>\n","protected":false},"author":1,"featured_media":0,"parent":0,"menu_order":0,"comment_status":"closed","ping_status":"closed","template":"","meta":{"_joinchat":[],"footnotes":""},"class_list":["post-11764","page","type-page","status-publish","hentry"],"_links":{"self":[{"href":"https:\/\/hoteldepeniscola.com\/fr\/wp-json\/wp\/v2\/pages\/11764","targetHints":{"allow":["GET"]}}],"collection":[{"href":"https:\/\/hoteldepeniscola.com\/fr\/wp-json\/wp\/v2\/pages"}],"about":[{"href":"https:\/\/hoteldepeniscola.com\/fr\/wp-json\/wp\/v2\/types\/page"}],"author":[{"embeddable":true,"href":"https:\/\/hoteldepeniscola.com\/fr\/wp-json\/wp\/v2\/users\/1"}],"replies":[{"embeddable":true,"href":"https:\/\/hoteldepeniscola.com\/fr\/wp-json\/wp\/v2\/comments?post=11764"}],"version-history":[{"count":1,"href":"https:\/\/hoteldepeniscola.com\/fr\/wp-json\/wp\/v2\/pages\/11764\/revisions"}],"predecessor-version":[{"id":11767,"href":"https:\/\/hoteldepeniscola.com\/fr\/wp-json\/wp\/v2\/pages\/11764\/revisions\/11767"}],"wp:attachment":[{"href":"https:\/\/hoteldepeniscola.com\/fr\/wp-json\/wp\/v2\/media?parent=11764"}],"curies":[{"name":"wp","href":"https:\/\/api.w.org\/{rel}","templated":true}]}}